{"id":500,"date":"2017-10-16T13:04:19","date_gmt":"2017-10-16T13:04:19","guid":{"rendered":"http:\/\/www.timiasimi.gl\/?page_id=500"},"modified":"2018-12-11T01:50:20","modified_gmt":"2018-12-11T01:50:20","slug":"isumaga-min-mening","status":"publish","type":"page","link":"https:\/\/www.timiasimi.gl\/gr\/isumaga-min-mening\/","title":{"rendered":"ISUMAGA &#8211; Min mening"},"content":{"rendered":"<p><strong>De unge er blevet mere syge<\/strong><\/p>\n<p>Gennem 8 \u00e5r har jeg fulgt de unge i Timi Asimi. De sidste 3 \u00e5r med et bosted hvor vi har haft 30 unge gennem et forl\u00f8b i l\u00e6re som menneske.<\/p>\n<p>Det er blevet til omkring 200 unge sj\u00e6le, mange dage dybt hj\u00e6lpel\u00f8se, modl\u00f8se og tabt af et samfund med traumatiserede for\u00e6ldre, og med med et massivt omsorgssvigt som ikke har f\u00e5et behandling. Det er en sygdom, en uhelbredelig sygdom som f\u00e5 kan helbrede, en sygdom som de unge arver fra en ufattelig menneskelig tragedie, en sygdom som samfundet st\u00e5r til ansvar med, og en sygdom som vi st\u00e5r til ansigt med hvor vi i nogle dage virkelig st\u00e5r med et ondskab, og vrede som heldigvis f\u00e5 mennesker oplever i dag.<span class=\"Apple-converted-space\">\u00a0<\/span><\/p>\n<p>Der er mange bud p\u00e5 og l\u00f8sningsmodeller hvordan de unge opl\u00e6res s\u00e5 de kan komme p\u00e5 ret kurs, som delvis hele mennesker og st\u00e5 som selvst\u00e6ndige v\u00e6sener i et velf\u00e6rdssamfund med mange menneskelige krav.<span class=\"Apple-converted-space\">\u00a0<\/span><\/p>\n<p>Hvad er vores erfaringsm\u00e6ssige bedste model for at rette de traumatiserede unge?<\/p>\n<p>Det er naturens ro og tiden at lytte til de unge dybt inde i fjorden. V\u00e6k fra byens negative p\u00e5virkning og tiltr\u00e6kning. At finde ordet, at finde hjertets rette ord, dele sk\u00e6bnen, dele tragedien. Det drejer sig m\u00e5ske om 3-5 ord i starten som kan v\u00e6re afg\u00f8rende for et st\u00f8rre og \u00e5ben sind, f\u00e5 roen til at smide kortene p\u00e5 bordet, at g\u00f8re op med magtesl\u00f8sheden, finde kr\u00e6fterne i naturen. Det er et uvurdeligt v\u00e6rkt\u00f8j, som desv\u00e6rre et undervurderet, brugt for lidt.<span class=\"Apple-converted-space\">\u00a0<\/span><\/p>\n<p>Det drejer sig om at v\u00e6re med de unge, g\u00f8re simple opgaver, fange fisk, sm\u00e5 vandreture, finde sin v\u00e6rdi, spise sig m\u00e6t, hvile, sove sig ud, glemme tiden. M\u00e5ske finder de styrken, m\u00e5ske g\u00f8r oplevelsen dem for svage til livet i byen, og l\u00e6ngslen og trangen til ophold i naturen bliver de unges nye tilflugtsted, hvor de finder mod at klare sig selv i fremtiden.<span class=\"Apple-converted-space\">\u00a0<\/span><\/p>\n","protected":false},"excerpt":{"rendered":"<p>De unge er blevet mere syge Gennem 8 \u00e5r har jeg fulgt de unge i Timi Asimi. De sidste 3 \u00e5r med et bosted hvor vi har haft 30 unge&#8230;<\/p>\n","protected":false},"author":2,"featured_media":0,"parent":0,"menu_order":0,"comment_status":"closed","ping_status":"closed","template":"","meta":{"footnotes":""},"class_list":["post-500","page","type-page","status-publish"],"translation":{"provider":"WPGlobus","version":"3.0.0","language":"gr","enabled_languages":["da","gr"],"languages":{"da":{"title":true,"content":true,"excerpt":false},"gr":{"title":false,"content":false,"excerpt":false}}},"jetpack_sharing_enabled":true,"_links":{"self":[{"href":"https:\/\/www.timiasimi.gl\/gr\/wp-json\/wp\/v2\/pages\/500"}],"collection":[{"href":"https:\/\/www.timiasimi.gl\/gr\/wp-json\/wp\/v2\/pages"}],"about":[{"href":"https:\/\/www.timiasimi.gl\/gr\/wp-json\/wp\/v2\/types\/page"}],"author":[{"embeddable":true,"href":"https:\/\/www.timiasimi.gl\/gr\/wp-json\/wp\/v2\/users\/2"}],"replies":[{"embeddable":true,"href":"https:\/\/www.timiasimi.gl\/gr\/wp-json\/wp\/v2\/comments?post=500"}],"version-history":[{"count":4,"href":"https:\/\/www.timiasimi.gl\/gr\/wp-json\/wp\/v2\/pages\/500\/revisions"}],"predecessor-version":[{"id":513,"href":"https:\/\/www.timiasimi.gl\/gr\/wp-json\/wp\/v2\/pages\/500\/revisions\/513"}],"wp:attachment":[{"href":"https:\/\/www.timiasimi.gl\/gr\/wp-json\/wp\/v2\/media?parent=500"}],"curies":[{"name":"wp","href":"https:\/\/api.w.org\/{rel}","templated":true}]}}