{"id":371,"date":"2013-10-11T13:43:31","date_gmt":"2013-10-11T13:43:31","guid":{"rendered":"http:\/\/www.timiasimi.gl\/?page_id=371"},"modified":"2014-09-14T23:49:33","modified_gmt":"2014-09-14T23:49:33","slug":"tasiilaq","status":"publish","type":"page","link":"https:\/\/www.timiasimi.gl\/gr\/tasiilaq\/","title":{"rendered":"Tasiilaq"},"content":{"rendered":"<p>TIMI ASIMI Tasiilami annertoorujussuarmik pitsaalluinnartumillu angusaqarpoq. Tamanna sept-dec 2013-imi ingerlanneqarpoq. Qaammatit pingasut ingerlanneqarpoq aatsaallu TIMI ASIMI Nuuk qimallugu ingerlanneqarluni.<\/p>\n<p>Sulisut: Egon Poulsen, Maja P\u00e0pe aamma Aggu Rasmussen<\/p>\n<p>Aviisit ima allapput:<\/p>\n<p>http:\/\/sermitsiaq.ag\/succesprojekt-indtaget-tasiilaq<\/p>\n<p>http:\/\/www.knr.gl\/kl\/nutaarsiassat\/tasiilap-timi-asimi-tikilluaqquaa<\/p>\n<p>http:\/\/www.knr.gl\/kl\/nutaarsiassat\/timi-asimi-tasiilami-pisussatut-pilersaarutigineqartoq-maanna-piareersarneqaleruttorpo<\/p>\n<p>&nbsp;<\/p>\n<p>TIMI ASIMI i Tasiilaq fik en fantastisk modtagelse og gennemf\u00f8rte virkelig flotte resultater for de unge i byen. Projektet blev gennemf\u00f8rt fra september til december 2013. Det er f\u00f8rste gang TIMI ASIMI blev gennemf\u00f8rt udenfor Nuuk.<\/p>\n<p>Medarbejderne og instrukt\u00f8rerne var:\u00a0Egon Poulsen, Maja P\u00e0pe og Aggu Rasmussen<\/p>\n<p>Avisartikler:<\/p>\n<p>http:\/\/sermitsiaq.ag\/succesprojekt-indtaget-tasiilaq<\/p>\n<p>http:\/\/www.knr.gl\/kl\/node\/187261<\/p>\n<p>http:\/\/www.knr.gl\/kl\/node\/183006<\/p>\n<p>&nbsp;<\/p>\n<p>&nbsp;<\/p>\n<p>&nbsp;<\/p>\n","protected":false},"excerpt":{"rendered":"<p>TIMI ASIMI Tasiilami annertoorujussuarmik pitsaalluinnartumillu angusaqarpoq. Tamanna sept-dec 2013-imi ingerlanneqarpoq. Qaammatit pingasut ingerlanneqarpoq aatsaallu TIMI ASIMI Nuuk qimallugu ingerlanneqarluni. Sulisut: Egon Poulsen, Maja P\u00e0pe aamma Aggu Rasmussen Aviisit ima allapput:&#8230;<\/p>\n","protected":false},"author":1,"featured_media":0,"parent":0,"menu_order":3,"comment_status":"closed","ping_status":"closed","template":"","meta":{"footnotes":""},"class_list":["post-371","page","type-page","status-publish"],"translation":{"provider":"WPGlobus","version":"3.0.0","language":"gr","enabled_languages":["da","gr"],"languages":{"da":{"title":true,"content":true,"excerpt":false},"gr":{"title":false,"content":false,"excerpt":false}}},"jetpack_sharing_enabled":true,"_links":{"self":[{"href":"https:\/\/www.timiasimi.gl\/gr\/wp-json\/wp\/v2\/pages\/371"}],"collection":[{"href":"https:\/\/www.timiasimi.gl\/gr\/wp-json\/wp\/v2\/pages"}],"about":[{"href":"https:\/\/www.timiasimi.gl\/gr\/wp-json\/wp\/v2\/types\/page"}],"author":[{"embeddable":true,"href":"https:\/\/www.timiasimi.gl\/gr\/wp-json\/wp\/v2\/users\/1"}],"replies":[{"embeddable":true,"href":"https:\/\/www.timiasimi.gl\/gr\/wp-json\/wp\/v2\/comments?post=371"}],"version-history":[{"count":3,"href":"https:\/\/www.timiasimi.gl\/gr\/wp-json\/wp\/v2\/pages\/371\/revisions"}],"predecessor-version":[{"id":426,"href":"https:\/\/www.timiasimi.gl\/gr\/wp-json\/wp\/v2\/pages\/371\/revisions\/426"}],"wp:attachment":[{"href":"https:\/\/www.timiasimi.gl\/gr\/wp-json\/wp\/v2\/media?parent=371"}],"curies":[{"name":"wp","href":"https:\/\/api.w.org\/{rel}","templated":true}]}}