{"id":365,"date":"2013-10-11T13:38:53","date_gmt":"2013-10-11T13:38:53","guid":{"rendered":"http:\/\/www.timiasimi.gl\/?page_id=365"},"modified":"2014-10-25T21:44:15","modified_gmt":"2014-10-25T21:44:15","slug":"galleri-nuuk","status":"publish","type":"page","link":"https:\/\/www.timiasimi.gl\/gr\/galleri\/galleri-nuuk\/","title":{"rendered":"Galleri Nuuk"},"content":{"rendered":"<div id=\"attachment_437\" style=\"width: 310px\" class=\"wp-caption alignnone\"><a href=\"http:\/\/www.timiasimi.gl\/wp-content\/uploads\/2012\/01\/FullSizeRender.jpeg\"><img loading=\"lazy\" decoding=\"async\" aria-describedby=\"caption-attachment-437\" class=\"size-medium wp-image-437\" src=\"http:\/\/www.timiasimi.gl\/wp-content\/uploads\/2012\/01\/FullSizeRender-300x225.jpeg\" alt=\"TIMI ASIMI pisuttuartut\" width=\"300\" height=\"225\" srcset=\"https:\/\/www.timiasimi.gl\/wp-content\/uploads\/2012\/01\/FullSizeRender-300x225.jpeg 300w, https:\/\/www.timiasimi.gl\/wp-content\/uploads\/2012\/01\/FullSizeRender-1024x768.jpeg 1024w, https:\/\/www.timiasimi.gl\/wp-content\/uploads\/2012\/01\/FullSizeRender.jpeg 1280w\" sizes=\"(max-width: 300px) 100vw, 300px\" \/><\/a><p id=\"caption-attachment-437\" class=\"wp-caption-text\">TIMI ASIMI pisuttuartut<\/p><\/div>\n<div id=\"attachment_436\" style=\"width: 235px\" class=\"wp-caption alignnone\"><a href=\"http:\/\/www.timiasimi.gl\/wp-content\/uploads\/2012\/01\/IMG_8958.jpeg\"><img loading=\"lazy\" decoding=\"async\" aria-describedby=\"caption-attachment-436\" class=\"size-medium wp-image-436\" src=\"http:\/\/www.timiasimi.gl\/wp-content\/uploads\/2012\/01\/IMG_8958-225x300.jpeg\" alt=\"Naja Arnannguaq\" width=\"225\" height=\"300\" srcset=\"https:\/\/www.timiasimi.gl\/wp-content\/uploads\/2012\/01\/IMG_8958-225x300.jpeg 225w, https:\/\/www.timiasimi.gl\/wp-content\/uploads\/2012\/01\/IMG_8958-768x1024.jpeg 768w, https:\/\/www.timiasimi.gl\/wp-content\/uploads\/2012\/01\/IMG_8958.jpeg 960w\" sizes=\"(max-width: 225px) 100vw, 225px\" \/><\/a><p id=\"caption-attachment-436\" class=\"wp-caption-text\">Naja Arnannguaq<\/p><\/div>\n<div id=\"attachment_435\" style=\"width: 310px\" class=\"wp-caption alignnone\"><a href=\"http:\/\/www.timiasimi.gl\/wp-content\/uploads\/2012\/01\/IMG_8987.jpeg\"><img loading=\"lazy\" decoding=\"async\" aria-describedby=\"caption-attachment-435\" class=\"size-medium wp-image-435\" src=\"http:\/\/www.timiasimi.gl\/wp-content\/uploads\/2012\/01\/IMG_8987-300x225.jpeg\" alt=\"Best\u00e5et f\u00f8rstehj\u00e6lpskursus\" width=\"300\" height=\"225\" srcset=\"https:\/\/www.timiasimi.gl\/wp-content\/uploads\/2012\/01\/IMG_8987-300x225.jpeg 300w, https:\/\/www.timiasimi.gl\/wp-content\/uploads\/2012\/01\/IMG_8987-1024x768.jpeg 1024w, https:\/\/www.timiasimi.gl\/wp-content\/uploads\/2012\/01\/IMG_8987.jpeg 1280w\" sizes=\"(max-width: 300px) 100vw, 300px\" \/><\/a><p id=\"caption-attachment-435\" class=\"wp-caption-text\">Best\u00e5et f\u00f8rstehj\u00e6lpskursus<\/p><\/div>\n<p><a href=\"http:\/\/www.timiasimi.gl\/wp-content\/uploads\/2014\/05\/IMG_4936.jpg\"><img loading=\"lazy\" decoding=\"async\" class=\"alignnone size-medium wp-image-405\" src=\"http:\/\/www.timiasimi.gl\/wp-content\/uploads\/2014\/05\/IMG_4936-300x187.jpg\" alt=\"IMG_4936\" width=\"300\" height=\"187\" srcset=\"https:\/\/www.timiasimi.gl\/wp-content\/uploads\/2014\/05\/IMG_4936-300x187.jpg 300w, https:\/\/www.timiasimi.gl\/wp-content\/uploads\/2014\/05\/IMG_4936-1024x640.jpg 1024w\" sizes=\"(max-width: 300px) 100vw, 300px\" \/><\/a><a href=\"http:\/\/www.timiasimi.gl\/wp-content\/uploads\/2014\/05\/cropped-IMG_5873.jpg\"><img loading=\"lazy\" decoding=\"async\" class=\"alignnone size-medium wp-image-404\" src=\"http:\/\/www.timiasimi.gl\/wp-content\/uploads\/2014\/05\/cropped-IMG_5873-300x88.jpg\" alt=\"cropped-IMG_5873.jpg\" width=\"300\" height=\"88\" srcset=\"https:\/\/www.timiasimi.gl\/wp-content\/uploads\/2014\/05\/cropped-IMG_5873-300x88.jpg 300w, https:\/\/www.timiasimi.gl\/wp-content\/uploads\/2014\/05\/cropped-IMG_5873-1024x301.jpg 1024w, https:\/\/www.timiasimi.gl\/wp-content\/uploads\/2014\/05\/cropped-IMG_5873.jpg 1260w\" sizes=\"(max-width: 300px) 100vw, 300px\" \/><\/a><a href=\"http:\/\/www.timiasimi.gl\/wp-content\/uploads\/2014\/05\/IMG_6971.jpg\"><img loading=\"lazy\" decoding=\"async\" class=\"alignnone size-full wp-image-395\" src=\"http:\/\/www.timiasimi.gl\/wp-content\/uploads\/2014\/05\/IMG_6971.jpg\" alt=\"IMG_6971\" width=\"3264\" height=\"2448\" \/><\/a><a href=\"http:\/\/www.timiasimi.gl\/wp-content\/uploads\/2012\/01\/i.jpg\"><img loading=\"lazy\" decoding=\"async\" class=\"alignnone size-medium wp-image-42\" src=\"http:\/\/www.timiasimi.gl\/wp-content\/uploads\/2012\/01\/i-300x168.jpg\" alt=\"i\" width=\"300\" height=\"168\" srcset=\"https:\/\/www.timiasimi.gl\/wp-content\/uploads\/2012\/01\/i-300x168.jpg 300w, https:\/\/www.timiasimi.gl\/wp-content\/uploads\/2012\/01\/i.jpg 640w\" sizes=\"(max-width: 300px) 100vw, 300px\" \/><\/a><\/p>\n","protected":false},"excerpt":{"rendered":"TIMI ASIMI pisuttuartut Naja Arnannguaq Best\u00e5et f\u00f8rstehj\u00e6lpskursus","protected":false},"author":1,"featured_media":0,"parent":29,"menu_order":0,"comment_status":"closed","ping_status":"closed","template":"","meta":{"footnotes":""},"class_list":["post-365","page","type-page","status-publish"],"translation":{"provider":"WPGlobus","version":"3.0.0","language":"gr","enabled_languages":["da","gr"],"languages":{"da":{"title":true,"content":true,"excerpt":false},"gr":{"title":false,"content":false,"excerpt":false}}},"jetpack_sharing_enabled":true,"_links":{"self":[{"href":"https:\/\/www.timiasimi.gl\/gr\/wp-json\/wp\/v2\/pages\/365"}],"collection":[{"href":"https:\/\/www.timiasimi.gl\/gr\/wp-json\/wp\/v2\/pages"}],"about":[{"href":"https:\/\/www.timiasimi.gl\/gr\/wp-json\/wp\/v2\/types\/page"}],"author":[{"embeddable":true,"href":"https:\/\/www.timiasimi.gl\/gr\/wp-json\/wp\/v2\/users\/1"}],"replies":[{"embeddable":true,"href":"https:\/\/www.timiasimi.gl\/gr\/wp-json\/wp\/v2\/comments?post=365"}],"version-history":[{"count":6,"href":"https:\/\/www.timiasimi.gl\/gr\/wp-json\/wp\/v2\/pages\/365\/revisions"}],"predecessor-version":[{"id":441,"href":"https:\/\/www.timiasimi.gl\/gr\/wp-json\/wp\/v2\/pages\/365\/revisions\/441"}],"up":[{"embeddable":true,"href":"https:\/\/www.timiasimi.gl\/gr\/wp-json\/wp\/v2\/pages\/29"}],"wp:attachment":[{"href":"https:\/\/www.timiasimi.gl\/gr\/wp-json\/wp\/v2\/media?parent=365"}],"curies":[{"name":"wp","href":"https:\/\/api.w.org\/{rel}","templated":true}]}}