{"id":167,"date":"2012-02-15T18:46:56","date_gmt":"2012-02-15T18:46:56","guid":{"rendered":"http:\/\/www.timiasimi.gl\/?page_id=167"},"modified":"2022-10-18T15:43:28","modified_gmt":"2022-10-18T15:43:28","slug":"program","status":"publish","type":"page","link":"https:\/\/www.timiasimi.gl\/gr\/malsaetninger\/program\/","title":{"rendered":"Program"},"content":{"rendered":"<p>TIMI ASIMI vejledende program i Nuuk:<\/p>\n<ul>\n<li>24 timers f\u00f8rstehj\u00e6lpskursus<\/li>\n<li>Element\u00e6r brandbek\u00e6mpelseskursus<\/li>\n<li>Livredderkursus \u2013 Bassinpr\u00f8ven \u2013 andre sv\u00f8mmepr\u00f8ver iht. kundskaber<\/li>\n<li>Grundl\u00e6ggende sv\u00f8mmekursus<\/li>\n<li>En dag i S\u00f8v\u00e6rnet med r\u00f8gdykkertest<\/li>\n<li>Fysiologi, coaching, tr\u00e6ningsl\u00e6re<\/li>\n<li>Personlig udvikling<\/li>\n<li>Teambuilding<\/li>\n<li>300+ km vandring<\/li>\n<li>TIPI lejr og hytteophold samt vandretur\u2013 i alt 4 uger.<\/li>\n<li>Kost og madlavning<\/li>\n<li>T\u00e6rren og fjeldl\u00f8b<\/li>\n<li>Fitness, CrossFit Training<\/li>\n<li>Bodybike, spinning<\/li>\n<li>Uddannelsesvejledning<\/li>\n<li>V\u00e6rkstedsarbejde med gastronomi, musik, kunst og fremstilling<\/li>\n<li>Arrangementer for b\u00f8rn og unge i skoler<\/li>\n<li>Arrangementer for organisationer med klatring, rappelling, teambuilding, telt mv.<\/li>\n<li>Samfundstjeneste i samarbejde med kommuner, virksomheder og organisationer<\/li>\n<\/ul>\n","protected":false},"excerpt":{"rendered":"<p>TIMI ASIMI vejledende program i Nuuk: 24 timers f\u00f8rstehj\u00e6lpskursus Element\u00e6r brandbek\u00e6mpelseskursus Livredderkursus \u2013 Bassinpr\u00f8ven \u2013 andre sv\u00f8mmepr\u00f8ver iht. kundskaber Grundl\u00e6ggende sv\u00f8mmekursus En dag i S\u00f8v\u00e6rnet med r\u00f8gdykkertest Fysiologi, coaching, tr\u00e6ningsl\u00e6re&#8230;<\/p>\n","protected":false},"author":1,"featured_media":0,"parent":14,"menu_order":2,"comment_status":"closed","ping_status":"closed","template":"","meta":{"footnotes":""},"class_list":["post-167","page","type-page","status-publish"],"translation":{"provider":"WPGlobus","version":"3.0.0","language":"gr","enabled_languages":["da","gr"],"languages":{"da":{"title":true,"content":true,"excerpt":false},"gr":{"title":false,"content":false,"excerpt":false}}},"jetpack_sharing_enabled":true,"_links":{"self":[{"href":"https:\/\/www.timiasimi.gl\/gr\/wp-json\/wp\/v2\/pages\/167"}],"collection":[{"href":"https:\/\/www.timiasimi.gl\/gr\/wp-json\/wp\/v2\/pages"}],"about":[{"href":"https:\/\/www.timiasimi.gl\/gr\/wp-json\/wp\/v2\/types\/page"}],"author":[{"embeddable":true,"href":"https:\/\/www.timiasimi.gl\/gr\/wp-json\/wp\/v2\/users\/1"}],"replies":[{"embeddable":true,"href":"https:\/\/www.timiasimi.gl\/gr\/wp-json\/wp\/v2\/comments?post=167"}],"version-history":[{"count":4,"href":"https:\/\/www.timiasimi.gl\/gr\/wp-json\/wp\/v2\/pages\/167\/revisions"}],"predecessor-version":[{"id":342,"href":"https:\/\/www.timiasimi.gl\/gr\/wp-json\/wp\/v2\/pages\/167\/revisions\/342"}],"up":[{"embeddable":true,"href":"https:\/\/www.timiasimi.gl\/gr\/wp-json\/wp\/v2\/pages\/14"}],"wp:attachment":[{"href":"https:\/\/www.timiasimi.gl\/gr\/wp-json\/wp\/v2\/media?parent=167"}],"curies":[{"name":"wp","href":"https:\/\/api.w.org\/{rel}","templated":true}]}}