{"id":165,"date":"2012-02-15T18:46:35","date_gmt":"2012-02-15T18:46:35","guid":{"rendered":"http:\/\/www.timiasimi.gl\/?page_id=165"},"modified":"2016-08-10T16:20:27","modified_gmt":"2016-08-10T16:20:27","slug":"hvorfor-timi-asimi","status":"publish","type":"page","link":"https:\/\/www.timiasimi.gl\/gr\/malsaetninger\/hvorfor-timi-asimi\/","title":{"rendered":"Hvorfor Timi Asimi?"},"content":{"rendered":"<p>Udgangspunktet for opholdet i TIMI ASIMI er elevens situation og egne \u00f8nsker for opholdet. De fleste har brug for stabilitet og struktur, andre for socialt n\u00e6rv\u00e6r eller voksenkontakt, mens andre igen beh\u00f8ver et pusterum til at t\u00e6nke sig om eller m\u00e5ske komme sig over en episode eller en periode i livet. TIMI ASIMI har et normalt hold p\u00e5 20 unge, og med regelm\u00e6ssige 4 l\u00e6rere (instrukt\u00f8rer) skaber TIMI ASIMI rammer for at dele i sm\u00e5 hold, og kan tage udgangspunkt i den enkelte og st\u00f8tte denne til at arbejde med sine personlige m\u00e5l \u2013 skridt for skridt og over s\u00e5 lang tid, som det nu m\u00e5tte tage. Den beskedne holdst\u00f8rrelse bidrager ogs\u00e5 til, at eleverne opbygger et personligt forhold til TIMI ASIMI leder og instrukt\u00f8rer. Vores erfaringer med de 4 foreg\u00e5ende hold viser, at der hurtigt opst\u00e5r et mesterl\u00e6reforhold og t\u00e6tte venskaber, og at de unge ofte bruger vores instrukt\u00f8rer og leder til at diskutere problemer, dr\u00f8mme og frygt med. Samtidig har eleverne mulighed for at s\u00f8ge anden hj\u00e6lp til personlig udvikling eller hj\u00e6lp til problemer s\u00e5som coaching og r\u00e5dgivning.<\/p>\n<p>Den trygge atmosf\u00e6re styrkes af en meget struktureret hverdag med rutiner, faste m\u00f8de- og spisetider, fysiske udfordringer og opgaver, der ikke overstiger de unges aktuelle ressourcer og helt klare regler for opf\u00f8rslen som f.eks. at man skal m\u00f8de til tiden og vise respekt overfor eleverne og ansatte i TIMI ASIMI.<\/p>\n<p>Reglerne for p\u00e5 opf\u00f8rsel er de samme for alle, og det har konsekvens, hvis de ikke overholdes f.eks. bliver eleverne trukket i l\u00f8n (st\u00f8tte), hvis de g\u00e5r tidligere eller m\u00f8der senere. Omvendt er der en udbredt vilje til at st\u00f8tte og motivere eleverne til at kunne f\u00f8lge reglerne eller forbedre deres sociale adf\u00e6rd. Eleverne st\u00e5r s\u00e5ledes ikke alene i deres modnings- forandringsproces.<\/p>\n<p>TIMI ASIMI er dog ogs\u00e5 et helhedsorienteret tiltag, der medtager andre aspekter af elevernes liv end det arbejdsm\u00e6ssige og fysiske aktiviteter.<\/p>\n<p>TIMI ASIMI l\u00e6gger stor v\u00e6gt p\u00e5 samfundsforst\u00e5else og opbygning af samfundets retsm\u00e6ssige og lovgivningsm\u00e6ssige kendskab. Den lovgivende magt, ud\u00f8vende og d\u00f8mmende magt belyses og praktiseres gennem bes\u00f8g i de forskellige instanser, og hvordan den enkelte elev kan bidrage til en bedre samfund som en bedre borger generelt.<\/p>\n<p>Der ligges v\u00e6gt p\u00e5 samfundstjenester hvor eleverne inddrages i forskellige opgaver i samarbejde med kommune, virksomheder og andre organisationer.<\/p>\n<p>Idet det daglige foreg\u00e5r l\u00e6ringen igennem de forskellige aktiviteter med ogs\u00e5 ved temaforedrag, virksomhedsbes\u00f8g, praktikophold og undervisning af indkaldte fagpersoner fra erhvervslivet, h\u00f8jere l\u00e6reanstalter eller ved sp\u00e6ndende kultur- og idr\u00e6tspersonligheder.<\/p>\n<p>Natur og Menneske (Timi Asimi = Kroppen i naturen) f\u00f8lger med i og bidrager til sp\u00e6ndende udvikling indenfor udelivsundervisning og naturp\u00e6dagogik som er udgangspunktet i konceptet.<\/p>\n<p>Forskning har vist, at bevidst og m\u00e5lrettet arbejde i naturen kan forbedre de unges trivsel, fordi de unge opn\u00e5r st\u00f8rre sociale kompetencer og oplever st\u00f8rre skolegl\u00e6de. Samtidigt oplever de unge mindre stress og mobning. Vi inddrager den nye viden og metoder i vores kurser og \u00f8vrige aktiviteter.<\/p>\n<p>Der foreligger en lang r\u00e6kke fordele og udviklingsmuligheder, der er forbundet med at de s\u00e5rbare unge opholder sig i naturen over flere dage: Nydelse, gl\u00e6de og begejstring, tr\u00e6ne kreativitet, forbedre indl\u00e6ring generelt, at f\u00e5 respekt for naturgrundlaget, l\u00e6re at tage hensyn, at l\u00e6re milj\u00f8bevidsthed, styrke grov- og finmotorik, den alsidige personlige udvikling styrkes, mangfoldig l\u00e6ring om naturvidenskab og verden i almindelighed, at sanserne stimuleres og tr\u00e6nes, der opn\u00e5s respekt for kroppen, gode interesser motiveres, l\u00e6re at tage initiativ og ansvar, at koordinere, at turde udfordre sig selv, at udvikle socialt samv\u00e6r osv.<\/p>\n<p>Hvad siger de unge om deres liv efter TIMI ASIMI?<\/p>\n<p><a href=\"http:\/\/www.timiasimi.gl\/wp-content\/uploads\/2012\/01\/SEQ-EE-01-20140815-035.pdf\">Julie oqaluttuarpoq\/Julie fort\u00e6ller<\/a><\/p>\n<p><a href=\"http:\/\/www.timiasimi.gl\/wp-content\/uploads\/2012\/01\/SEQ-EE-01-20140815-036.pdf\">Daniel oqaluttuarpoq-Daniel fort\u00e6ller<\/a><\/p>\n<p><a href=\"http:\/\/www.timiasimi.gl\/wp-content\/uploads\/2012\/02\/\u00d4d\u00e2k-og-de-unge.pdf\">\u00d4d\u00e2k og de unge<\/a><\/p>\n<p><a href=\"http:\/\/www.timiasimi.gl\/wp-content\/uploads\/2012\/02\/SEQ-EE-01-20141230-028.pdf\">Socialt udsatte unge p\u00e5 TIMI ASIMI 2014<\/a><\/p>\n<p><a href=\"http:\/\/www.timiasimi.gl\/wp-content\/uploads\/2012\/02\/SEQ-EE-01-20141230-029.pdf\">\u00a0Malik p\u00e5 TIMI ASIMI<\/a><\/p>\n","protected":false},"excerpt":{"rendered":"<p>Udgangspunktet for opholdet i TIMI ASIMI er elevens situation og egne \u00f8nsker for opholdet. De fleste har brug for stabilitet og struktur, andre for socialt n\u00e6rv\u00e6r eller voksenkontakt, mens andre&#8230;<\/p>\n","protected":false},"author":1,"featured_media":0,"parent":14,"menu_order":1,"comment_status":"closed","ping_status":"closed","template":"","meta":{"footnotes":""},"class_list":["post-165","page","type-page","status-publish"],"translation":{"provider":"WPGlobus","version":"3.0.0","language":"gr","enabled_languages":["da","gr"],"languages":{"da":{"title":true,"content":true,"excerpt":false},"gr":{"title":false,"content":false,"excerpt":false}}},"jetpack_sharing_enabled":true,"_links":{"self":[{"href":"https:\/\/www.timiasimi.gl\/gr\/wp-json\/wp\/v2\/pages\/165"}],"collection":[{"href":"https:\/\/www.timiasimi.gl\/gr\/wp-json\/wp\/v2\/pages"}],"about":[{"href":"https:\/\/www.timiasimi.gl\/gr\/wp-json\/wp\/v2\/types\/page"}],"author":[{"embeddable":true,"href":"https:\/\/www.timiasimi.gl\/gr\/wp-json\/wp\/v2\/users\/1"}],"replies":[{"embeddable":true,"href":"https:\/\/www.timiasimi.gl\/gr\/wp-json\/wp\/v2\/comments?post=165"}],"version-history":[{"count":9,"href":"https:\/\/www.timiasimi.gl\/gr\/wp-json\/wp\/v2\/pages\/165\/revisions"}],"predecessor-version":[{"id":473,"href":"https:\/\/www.timiasimi.gl\/gr\/wp-json\/wp\/v2\/pages\/165\/revisions\/473"}],"up":[{"embeddable":true,"href":"https:\/\/www.timiasimi.gl\/gr\/wp-json\/wp\/v2\/pages\/14"}],"wp:attachment":[{"href":"https:\/\/www.timiasimi.gl\/gr\/wp-json\/wp\/v2\/media?parent=165"}],"curies":[{"name":"wp","href":"https:\/\/api.w.org\/{rel}","templated":true}]}}