{"id":14,"date":"2012-01-09T11:06:27","date_gmt":"2012-01-09T11:06:27","guid":{"rendered":"http:\/\/www.timiasimi.gl\/?page_id=14"},"modified":"2017-03-30T00:49:09","modified_gmt":"2017-03-30T00:49:09","slug":"malsaetninger","status":"publish","type":"page","link":"https:\/\/www.timiasimi.gl\/gr\/malsaetninger\/","title":{"rendered":"M\u00e5ls\u00e6tninger"},"content":{"rendered":"<p><a href=\"http:\/\/www.timiasimi.gl\/wp-content\/uploads\/2012\/01\/32.jpg\"><img loading=\"lazy\" decoding=\"async\" class=\"alignnone size-medium wp-image-52\" title=\"3\" src=\"http:\/\/www.timiasimi.gl\/wp-content\/uploads\/2012\/01\/32-300x117.jpg\" alt=\"\" width=\"300\" height=\"117\" srcset=\"https:\/\/www.timiasimi.gl\/wp-content\/uploads\/2012\/01\/32-300x117.jpg 300w, https:\/\/www.timiasimi.gl\/wp-content\/uploads\/2012\/01\/32.jpg 896w\" sizes=\"(max-width: 300px) 100vw, 300px\" \/><\/a><\/p>\n<p>&nbsp;<\/p>\n<p>Form\u00e5let med TIMI ASIMI er de unge for mere viden om naturens muligheder og det at v\u00e6re i naturen.<\/p>\n<p>Forskning har vist, at bevidst og m\u00e5lrettet arbejde i naturen kan forbedre de unges trivsel, fordi de unge opn\u00e5r st\u00f8rre sociale kompetencer og oplever st\u00f8rre skolegl\u00e6de. Samtidigt oplever de unge mindre stress og mobning.<\/p>\n<p><strong>TIMI ASIMI KONCEPT<\/strong><\/p>\n<p><strong>Timi Asimi<\/strong><strong> \u2013 <\/strong><strong>Piareersarfik <\/strong><strong>koncept 201<\/strong><strong>2<\/strong><\/p>\n<p><strong>Natur, sundhed, friluft og idr\u00e6t<\/strong><\/p>\n<p><strong>Beskrivelse af TIMI ASIMI konceptet<\/strong><strong> for Piareersarfik <\/strong><strong>elever <\/strong><strong>der endnu ikke er klar til almindelig uddannelse, i hele Kommuneqarfik Sermersooq.<\/strong><\/p>\n<p><strong>Piareersarfik <\/strong><strong>klassen i faget T<\/strong><strong>IMI <\/strong><strong>A<\/strong><strong>SIMI<\/strong><\/p>\n<p>Pilotprojektet TIMI ASIMI er for elever med sv\u00e6re sociale og emotionelle vanskeligheder. Elever, som efter alle handlemuligheder p\u00e5 egen skole er afpr\u00f8vet, ikke sk\u00f8nnes at kunne udvikle sig i skolernes undervisningsmilj\u00f8.<\/p>\n<p>Pilotprojektet TIMI ASIMI er et koncept, hvor naturen er en stor del af projektet.\u00a0 Projektet k\u00f8rer i 4 m\u00e5neder, hvor sommerm\u00e5nederne prim\u00e6rt bruges ude i naturen. Og resten af tiden prim\u00e6rt i lokaler der lejes i byerne.<\/p>\n<p>Der er idag if\u00f8lge Landsstyremedlemmet for Uddannelser er mere end 57 % af de unge, der ikke er kommet videre fra folkeskolen til at starte p\u00e5 en uddannelse, hvilket vi i Kommuneqarfik Sermersooq vil minimere ved lave tiltaget TIMI ASIMI, og udgangspunktet er at modtage elever med interesse for natur og friluft-idr\u00e6tsliv i projektet.<\/p>\n<p>Der udarbejdes handleplan for TIMI ASIMI elever sammen med Piareersarfiit\u2019s vejledere, hvoraf der fremg\u00e5r hvilken undervisning, der tilbydes.\u00a0 Natur og Menneske (Timi Asimi) f\u00f8lger med i og bidrager til sp\u00e6ndende udvikling indenfor udeundervisning og naturp\u00e6dagogik som er udgangspunktet i konceptet.<\/p>\n<p>Forskning har vist, at bevidst og m\u00e5lrettet arbejde i naturen kan forbedre b\u00f8rnene og unges trivsel, fordi b\u00f8rnene opn\u00e5r st\u00f8rre sociale kompetencer og oplever st\u00f8rre skolegl\u00e6de. Samtidigt oplever b\u00f8rn mindre stress og mobning. Vi inddrager den nye viden og metoder i vores kurser og \u00f8vrige aktiviteter. Endvidere udarbejdes der en individuel l\u00e6seplan samt personligt udviklingsplan for den enkelte elev.<\/p>\n<p>Undervisningstilbudet er et heldagstilbud med v\u00e6gt p\u00e5 konkrete, fysiskpraktiske opgaver. Der udarbejdes en individuel handleplan i samarbejde med Piareersarfiits vejledere, med konkrete m\u00e5l, som udm\u00f8ntes i praksis.<\/p>\n<p>Undervisningen tilrettel\u00e6gges ud fra den id\u00e9, at eleven skal opleve og udvikles gennem mangeartede konkrete oplevelser i naturen.<\/p>\n<p><strong>Naturen som l\u00e6ringsrum<\/strong><\/p>\n<p>Naturen f\u00e5r stadig st\u00f8rre opm\u00e6rksomhed inden for undervisning og naturp\u00e6dagogik. Forskning og praksis viser, at b\u00f8rn, unge og voksne, der er aktive i naturen, opn\u00e5r st\u00f8rre gl\u00e6de, mulighed for fordybelse og ro i en travl hverdag. Undervisning og p\u00e6dagogisk arbejde i naturen bidrager til l\u00e6ring gennem oplevelser og handling. Naturen spiller derved en afg\u00f8rende rolle i mange l\u00e6reprocesser.<\/p>\n<p>Oplevelser af og indsigt i naturens sammenh\u00e6nge giver en forst\u00e5else, der motiverer mennesker til at beskytte natur og milj\u00f8.<\/p>\n<p>Natur og Menneske (Timi Asimi) f\u00f8lger med i og bidrager til sp\u00e6ndende udvikling indenfor udeundervisning og naturp\u00e6dagogik. Vi inddrager den nye viden og metoder i vores kurser og \u00f8vrige aktiviteter.<\/p>\n<p><strong>Sundhed<\/strong><\/p>\n<p>Naturen gavner b\u00e5de vores fysiske og mentale sundhed.<\/p>\n<p>Forskning og praksis viser, at ophold i gr\u00f8nne og naturomr\u00e5der p\u00e5virker vores krop. Rent konkret kan man m\u00e5le et bedre blodtryk, en bedre motorik samt en \u00f8get modstandsdygtighed mod sygdomme.<\/p>\n<p>Derudover er det ogs\u00e5 p\u00e5vist, at b\u00f8rn, unge og voksne, der er aktive i naturen, opn\u00e5r st\u00f8rre gl\u00e6de, f\u00e5r bedre hum\u00f8r og bliver mindre stressede.<\/p>\n<p><strong>Friluftsliv<\/strong><\/p>\n<p>Friluftsliv er et mangfoldigt begreb, der d\u00e6kker lige fra det enkle liv i naturen til aktiviteter af mere sportsagtig og konkurrencem\u00e6ssig karakter.<\/p>\n<p>Det enkle friluftsliv foreg\u00e5r i samarbejde og f\u00e6llesskab med naturen med et minimum af redskaber og helt og holdent p\u00e5 naturens pr\u00e6misser og i respekt for disse.<\/p>\n<p>Friluftsaktiviteter kan desuden v\u00e6re orienteringsl\u00f8b, lejrophold, tipilejr, geocaching, fjeldvandring mv.<\/p>\n<p>Faciliteter der underst\u00f8tter friluftsliv er i en dynamisk udvikling. Vi har taget initiativet til at etablere et netv\u00e6rk for folk, der arbejder med udvikling af friluftsfaciliteter.<\/p>\n<p><strong>Idr\u00e6t er intregreret del af hele projektet<\/strong><\/p>\n<p>Idr\u00e6ttens bedste v\u00e6rkt\u00f8jer og muligheden for at introducere eleverne i foreningsidr\u00e6t bliver intregeret i projektet, hvor natur, sundhed og friluftliv tager tager udgangspunkt i fysisk udfoldelse og udvilkling for eleverne. Eleverne gennemg\u00e5r f\u00f8lgende undervisning f\u00f8lgende:<\/p>\n<ul>\n<li>24 timers f\u00f8rstehj\u00e6lpskursus<\/li>\n<li>Livredderkursus &#8211; Bassinpr\u00f8ven<\/li>\n<li>Grundl\u00e6ggende sv\u00f8mmekursus<\/li>\n<li>Fysiologi, coaching, tr\u00e6ningsl\u00e6re<\/li>\n<li>Teambuilding<\/li>\n<li>50+ km vandring<\/li>\n<li>Rapelling<\/li>\n<li>TIPI lejr og hytteophold<\/li>\n<li>Kost og madlavning samt kostvejledning<\/li>\n<li>T\u00e6rren og fjeldl\u00f8b<\/li>\n<li>Fitness, Cross Training<\/li>\n<li>Bodybike, spinning<\/li>\n<\/ul>\n<p><strong>Ny tiltag <\/strong><\/p>\n<p>Konceptet og pilotprojektet blev lanceret som en ny tiltag og for at afpr\u00f8ve flere muligheder for den stadig voksende elevtal der \u00f8nsker at komme ind i Piareersarfik i Nuuk.<\/p>\n<p style=\"text-align: left;\" align=\"center\">Kim Godtfredsen<\/p>\n<p style=\"text-align: left;\" align=\"center\">Initiativtager og udvikler af TIMI ASIMI<\/p>\n<p style=\"text-align: left;\" align=\"center\">TIMI ASIMI<\/p>\n<p><a href=\"http:\/\/www.timiasimi.gl\/wp-content\/uploads\/2012\/01\/c.jpg\"><img loading=\"lazy\" decoding=\"async\" class=\"alignnone size-medium wp-image-48\" title=\"c\" src=\"http:\/\/www.timiasimi.gl\/wp-content\/uploads\/2012\/01\/c-300x168.jpg\" alt=\"\" width=\"300\" height=\"168\" srcset=\"https:\/\/www.timiasimi.gl\/wp-content\/uploads\/2012\/01\/c-300x168.jpg 300w, https:\/\/www.timiasimi.gl\/wp-content\/uploads\/2012\/01\/c.jpg 640w\" sizes=\"(max-width: 300px) 100vw, 300px\" \/><\/a><\/p>\n","protected":false},"excerpt":{"rendered":"<p>&nbsp; Form\u00e5let med TIMI ASIMI er de unge for mere viden om naturens muligheder og det at v\u00e6re i naturen. Forskning har vist, at bevidst og m\u00e5lrettet arbejde i naturen&#8230;<\/p>\n","protected":false},"author":1,"featured_media":0,"parent":0,"menu_order":2,"comment_status":"closed","ping_status":"closed","template":"","meta":{"footnotes":""},"class_list":["post-14","page","type-page","status-publish"],"translation":{"provider":"WPGlobus","version":"3.0.0","language":"gr","enabled_languages":["da","gr"],"languages":{"da":{"title":true,"content":true,"excerpt":false},"gr":{"title":false,"content":false,"excerpt":false}}},"jetpack_sharing_enabled":true,"_links":{"self":[{"href":"https:\/\/www.timiasimi.gl\/gr\/wp-json\/wp\/v2\/pages\/14"}],"collection":[{"href":"https:\/\/www.timiasimi.gl\/gr\/wp-json\/wp\/v2\/pages"}],"about":[{"href":"https:\/\/www.timiasimi.gl\/gr\/wp-json\/wp\/v2\/types\/page"}],"author":[{"embeddable":true,"href":"https:\/\/www.timiasimi.gl\/gr\/wp-json\/wp\/v2\/users\/1"}],"replies":[{"embeddable":true,"href":"https:\/\/www.timiasimi.gl\/gr\/wp-json\/wp\/v2\/comments?post=14"}],"version-history":[{"count":11,"href":"https:\/\/www.timiasimi.gl\/gr\/wp-json\/wp\/v2\/pages\/14\/revisions"}],"predecessor-version":[{"id":454,"href":"https:\/\/www.timiasimi.gl\/gr\/wp-json\/wp\/v2\/pages\/14\/revisions\/454"}],"wp:attachment":[{"href":"https:\/\/www.timiasimi.gl\/gr\/wp-json\/wp\/v2\/media?parent=14"}],"curies":[{"name":"wp","href":"https:\/\/api.w.org\/{rel}","templated":true}]}}